{"id":75,"date":"2017-02-28T17:59:22","date_gmt":"2017-02-28T17:59:22","guid":{"rendered":"http:\/\/x5r.da2.myftpupload.com\/?page_id=75"},"modified":"2018-02-28T14:06:37","modified_gmt":"2018-02-28T14:06:37","slug":"kompetence-ki-se-razvijajo-skozi-ucenje","status":"publish","type":"page","link":"https:\/\/x5r.da2.myftpupload.com\/?page_id=75&lang=sl","title":{"rendered":"Kompetence, ki se razvijajo skozi u\u010denje"},"content":{"rendered":"<h2><strong>U\u010denje je v tesni zvezi z naslednjimi spoznanji:<\/strong><\/h2>\n<ol>\n<li>U\u010denje je osnovano na aktivnosti. Je osnova za polo\u017eaj ali stanje \u010dloveka.<\/li>\n<li>U\u010denje je trajen proces primerjanja tega, kar ho\u010demo, s tem, kar dose\u017eemo.<\/li>\n<li>Pri u\u010denju so napake in neuspehi, zmote in nesporazumi neizogibni. Vse to so bistvene sestavine u\u010denja. U\u010denje izra\u017ea \u017eeljo, da bi izbolj\u0161ali svoja dejanja in tako dosegli vi\u0161jo stopnjo uspeha.<\/li>\n<li>U\u010diteljevo prizadevanje, da bi pri pouku izklju\u010dil vse napake in neuspehe, in sicer s kaznovanjem za zmote in napake, dejansko zavira u\u010denje.<\/li>\n<li>Refleksija je pomemben sestavina primerjave. Ni u\u010denja brez refleksije.<\/li>\n<li>Odvisno od starosti, zrelosti in okoli\u0161\u010din sega refleksija vse od relativno nezavednega procesa posnemanja &#8211; vrste zrcaljenja, polzavednega procesa razmi\u0161ljanja, sanjarjenja ali razglabljanja do popolno zavedne refleksije, ki na splo\u0161no zajema\n<ol type=\"a\">\n<li>revidiranje cilja in pregled dose\u017eenega,<\/li>\n<li>refleksija okoli\u0161\u010din in konteksta aktivnosti in<\/li>\n<li>evalvacija procesa in stopnje uspeha ali dose\u017eka.<\/li>\n<\/ol>\n<\/li>\n<li>Prvi korak na poti \u00bbnau\u010diti se u\u010denja\u00ab je zavedati se procesa u\u00a0\u010denja skozi refleksijo. Portfolio je zasnovan tako, da pomaga dijaku u\u010diti se, kako se u\u010diti (in u\u010ditelju, kako svetovati in voditi dijake, da to dose\u017eejo).<\/li>\n<li>U\u010denje je individualen proces; ne more biti standardiziran ali normaliziran. \u2018Enake mo\u017enosti\u2019 ne pomenijo, da se morajo vsi dijaki u\u010diti istih stvari isto\u010dasno in z enako hitrostjo iz istega razloga. To vodilo pomeni dati dijaku mo\u017enost, da zasnuje svojo lastno u\u010dno strategijo. To je tudi element dela s portfoliem.<\/li>\n<\/ol>\n","protected":false},"excerpt":{"rendered":"<p>U\u010denje je v tesni zvezi z naslednjimi spoznanji: U\u010denje je osnovano na aktivnosti. Je osnova za polo\u017eaj ali stanje \u010dloveka.<\/p>\n","protected":false},"author":1,"featured_media":0,"parent":0,"menu_order":0,"comment_status":"closed","ping_status":"closed","template":"","meta":{"footnotes":""},"class_list":["post-75","page","type-page","status-publish","hentry"],"_links":{"self":[{"href":"https:\/\/x5r.da2.myftpupload.com\/index.php?rest_route=\/wp\/v2\/pages\/75","targetHints":{"allow":["GET"]}}],"collection":[{"href":"https:\/\/x5r.da2.myftpupload.com\/index.php?rest_route=\/wp\/v2\/pages"}],"about":[{"href":"https:\/\/x5r.da2.myftpupload.com\/index.php?rest_route=\/wp\/v2\/types\/page"}],"author":[{"embeddable":true,"href":"https:\/\/x5r.da2.myftpupload.com\/index.php?rest_route=\/wp\/v2\/users\/1"}],"replies":[{"embeddable":true,"href":"https:\/\/x5r.da2.myftpupload.com\/index.php?rest_route=%2Fwp%2Fv2%2Fcomments&post=75"}],"version-history":[{"count":3,"href":"https:\/\/x5r.da2.myftpupload.com\/index.php?rest_route=\/wp\/v2\/pages\/75\/revisions"}],"predecessor-version":[{"id":411,"href":"https:\/\/x5r.da2.myftpupload.com\/index.php?rest_route=\/wp\/v2\/pages\/75\/revisions\/411"}],"wp:attachment":[{"href":"https:\/\/x5r.da2.myftpupload.com\/index.php?rest_route=%2Fwp%2Fv2%2Fmedia&parent=75"}],"curies":[{"name":"wp","href":"https:\/\/api.w.org\/{rel}","templated":true}]}}