{"id":550,"date":"2018-04-06T10:58:16","date_gmt":"2018-04-06T10:58:16","guid":{"rendered":"http:\/\/x5r.da2.myftpupload.com\/?page_id=550"},"modified":"2018-04-06T10:58:16","modified_gmt":"2018-04-06T10:58:16","slug":"estandares-para-el-portafolio-como-tecnica-de-ensenanza-y-evaluacion","status":"publish","type":"page","link":"https:\/\/x5r.da2.myftpupload.com\/?page_id=550&lang=es","title":{"rendered":"Est\u00e1ndares para el Portafolio como t\u00e9cnica de ense\u00f1anza y evaluaci\u00f3n"},"content":{"rendered":"<p>Para asegurar un est\u00e1ndar de alta calidad para ense\u00f1anza y evaluaci\u00f3n basadas en el portafolio el trabajo de portafolio del estudiante para el cual se expedir\u00e1 un Certificado de Portafolio CPE debe cumplir con los siguientes criterios m\u00ednimos. El trabajo de portafolio<\/p>\n<ol>\n<li>Debe incluir las <strong>cinco actividades principales del estudiante<\/strong>:<\/li>\n<\/ol>\n<ul>\n<li>Recolecci\u00f3n<\/li>\n<li>Selecci\u00f3n<\/li>\n<li>Revisi\u00f3n, reflexi\u00f3n, evaluaci\u00f3n<\/li>\n<li>Presentaci\u00f3n y<\/li>\n<li>Tomar nuevas determinaciones<\/li>\n<\/ul>\n<p>2. Debe listar espec\u00edficamente el <strong>criterio de selecci\u00f3n<\/strong> (que ser\u00e1 considerado esencial) y para juzgar merito (cualidad de contenidos, dise\u00f1o y forma, ver ap\u00e9ndice 6.6 \u201cCriterio de calidad para los documentos de portafolio, presentaciones de portafolio y examinaciones orales\u201d)<\/p>\n<p>3. Debe incluir una <strong>declaraci\u00f3n de autor\u00eda<\/strong> firmada por el estudiante.<\/p>\n<p>En particular las siguientes caracter\u00edsticas deben ser evidentes:<\/p>\n<p>4. La tarea de portafolio<\/p>\n<ul>\n<li>Sirve el objetivo principal de estimular la iniciativa por parte del estudiante y el profesor<\/li>\n<li>Provee un marco para la selecci\u00f3n de tareas para todo el aprendizaje incluido el formal, no-formal e informal.<\/li>\n<li>Est\u00e1 dise\u00f1ado para motivar un sentido de pertenencia del proyecto por\/en el estudiante.<\/li>\n<\/ul>\n<p>5. Con respecto al proceso de portafolio:<\/p>\n<ul>\n<li>El profesor y los estudiantes cultivan una conciencia del proceso a lo largo del proyecto<\/li>\n<li>Hay un dialogo continuo sobre las metas y objetivos, los planes, m\u00e9todos y lo que ocurre en realidad<\/li>\n<li>En el proceso de evaluaci\u00f3n el profesor debe dar retroalimentaci\u00f3n oral y escrita.<\/li>\n<\/ul>\n<p>6. En su <strong>autoevaluaci\u00f3n<\/strong>, los estudiantes son motivados a explorar la calidad de lo que experimentaron durante el proyecto.<\/p>\n<p>Por lo tanto el estudiante:<\/p>\n<ul>\n<li><strong>Revisar\u00e1 <\/strong>\n<ul>\n<li>Las metas y objetivos<\/li>\n<li>La planeaci\u00f3n<\/li>\n<li>Los m\u00e9todos y<\/li>\n<li>Lo que en realidad ocurri\u00f3<\/li>\n<\/ul>\n<\/li>\n<li><strong>Y reflexionar\u00e1 <\/strong>\n<ul>\n<li>Con respecto a lo que era esperado\/inesperado<\/li>\n<li>Con respecto a los cambios que se hicieron al plan original y por qu\u00e9<\/li>\n<li>Con respecto a las preguntas que surgieron durante el proceso<\/li>\n<\/ul>\n<\/li>\n<\/ul>\n<p>7. En la evaluaci\u00f3n y toma de nuevas determinaciones<\/p>\n<ul>\n<li>El estudiante articular\u00e1 lo que ha aprendido individualmente o en grupo<\/li>\n<li>El estudiante indicar\u00e1 lo que podr\u00eda mejorar la pr\u00f3xima vez y<\/li>\n<li>El portafolio puede ser complementado con la evaluaci\u00f3n que haga el profesor u otro profesional apropiado del resultado<\/li>\n<\/ul>\n<p>8. Los estudiantes, habiendo sido informados por el colegio sobre todas las formas de plagio, deben firmar una declaraci\u00f3n de autor\u00eda para cada portafolio. Cuando ocurre el plagio, todos los portafolios y certificados relacionados con este caso de plagio ser\u00e1n inv\u00e1lidos.<\/p>\n<p>Si el trabajo de portafolio del estudiante cumple con los criterios anteriores un Certificado de Portafolio Europeo puede entreg\u00e1rsele. Los est\u00e1ndares y el criterio para el certificado se dan en la <a href=\"http:\/\/x5r.da2.myftpupload.com\/?page_id=535&amp;lang=es\">secci\u00f3n<\/a> de estos Lineamientos.<\/p>\n","protected":false},"excerpt":{"rendered":"<p>Para asegurar un est\u00e1ndar de alta calidad para ense\u00f1anza y evaluaci\u00f3n basadas en el portafolio el trabajo de portafolio del<\/p>\n","protected":false},"author":1,"featured_media":0,"parent":0,"menu_order":0,"comment_status":"closed","ping_status":"closed","template":"","meta":{"footnotes":""},"class_list":["post-550","page","type-page","status-publish","hentry"],"_links":{"self":[{"href":"https:\/\/x5r.da2.myftpupload.com\/index.php?rest_route=\/wp\/v2\/pages\/550","targetHints":{"allow":["GET"]}}],"collection":[{"href":"https:\/\/x5r.da2.myftpupload.com\/index.php?rest_route=\/wp\/v2\/pages"}],"about":[{"href":"https:\/\/x5r.da2.myftpupload.com\/index.php?rest_route=\/wp\/v2\/types\/page"}],"author":[{"embeddable":true,"href":"https:\/\/x5r.da2.myftpupload.com\/index.php?rest_route=\/wp\/v2\/users\/1"}],"replies":[{"embeddable":true,"href":"https:\/\/x5r.da2.myftpupload.com\/index.php?rest_route=%2Fwp%2Fv2%2Fcomments&post=550"}],"version-history":[{"count":1,"href":"https:\/\/x5r.da2.myftpupload.com\/index.php?rest_route=\/wp\/v2\/pages\/550\/revisions"}],"predecessor-version":[{"id":551,"href":"https:\/\/x5r.da2.myftpupload.com\/index.php?rest_route=\/wp\/v2\/pages\/550\/revisions\/551"}],"wp:attachment":[{"href":"https:\/\/x5r.da2.myftpupload.com\/index.php?rest_route=%2Fwp%2Fv2%2Fmedia&parent=550"}],"curies":[{"name":"wp","href":"https:\/\/api.w.org\/{rel}","templated":true}]}}