{"id":540,"date":"2018-04-06T10:33:35","date_gmt":"2018-04-06T10:33:35","guid":{"rendered":"http:\/\/x5r.da2.myftpupload.com\/?page_id=540"},"modified":"2018-04-06T10:33:35","modified_gmt":"2018-04-06T10:33:35","slug":"un-resumen-de-los-principios-educativos-sobre-los-cuales-se-basa-el-colegio","status":"publish","type":"page","link":"https:\/\/x5r.da2.myftpupload.com\/?page_id=540&lang=es","title":{"rendered":"Un resumen de los principios educativos sobre los cuales se basa el colegio"},"content":{"rendered":"<p>Para ayudar a entender el certificado del estudiante como se presenta en la parte central, el recipiente recibir\u00e1 informaci\u00f3n adicional relacionada con el contexto educativo dentro del cual el contenido del folder certificado se origin\u00f3. Para este efecto, un folleto se inserta dentro de la solapa derecha del Folder CPE que da un resumen de los principios educativos del colegio. Adem\u00e1s, el colegio tambi\u00e9n puede si desea incluir declaraciones relacionadas con su perfil espec\u00edfico o el perfil de su organizaci\u00f3n nacional.<\/p>\n<p>Si el colegio es un colegio Steiner Waldorf, el folleto puede incluir la siguiente declaraci\u00f3n:<\/p>\n<h2>Declaraci\u00f3n de principios y aspiraciones de la educaci\u00f3n Steiner Waldorf en Europa de Mayo 2009 (fragmentos)<\/h2>\n<table border=\"0\" width=\"100%\" cellspacing=\"0\" cellpadding=\"10\">\n<tbody>\n<tr>\n<td bgcolor=\"#b0d8ff\">\n<ul>\n<li>La educaci\u00f3n Steiner Waldorf busca proveer preparaci\u00f3n experiencial para que los j\u00f3venes se conviertan en participantes activos de la sociedad, involucrados en aprendizaje continuo, auto-descubrimiento y exploraci\u00f3n del mundo.<\/li>\n<li>El enfoque pedag\u00f3gico es hol\u00edstico; art\u00edstico e imaginativo; inter-disciplinario y extendido (8)<\/li>\n<li>Los puntos focales son la adquisici\u00f3n de habilidades variadas y relevantes, el desarrollo de un diverso rango de competencias y disposiciones al aprendizaje significativas y positivas.<\/li>\n<li>Los valores educativos son inclusivos y no-selectivos, en t\u00e9rminos de g\u00e9nero, nacionalidad, creencias religiosas o de otro tipo, procedencia \u00e9tnica o social. Los colegios y las instalaciones trabajan para encargarse de las habilidades y capacidades individuales de los alumnos, donde los recursos y el contexto lo permitan, para suplir las necesidades adicionales de aprendizaje de ni\u00f1os y j\u00f3venes.<\/li>\n<li>Los ingredientes fundamentales en la educaci\u00f3n del joven son el desarrollo de pensamiento racional y l\u00f3gico, el fomento de capacidades para el aprendizaje emocional y social, la provisi\u00f3n de oportunidades para el compromiso practico con el mundo y la motivaci\u00f3n a formar y sostener preguntas sobre la vida y el significado.<\/li>\n<li>Los materiales curriculares y el enfoque educativo buscan balancear amplitud de contenido con un enfoque anal\u00edtico detallado a lo largo del rango de materias y temas curriculares.<\/li>\n<li>Los enfoques art\u00edsticos para la ense\u00f1anza y el aprendizaje y la motivaci\u00f3n de actitudes de inter\u00e9s y curiosidad son reconocidas como influencias potentes y progresivas en la vida y educaci\u00f3n de un joven.<\/li>\n<li>El aprendizaje de lengua extranjera est\u00e1 incluido desde el primer a\u00f1o escolar.<\/li>\n<li>El desarrollo y use de tecnolog\u00edas variadas en la sociedad se mantienen dentro de la amplia extensi\u00f3n de otras disciplinas, incluidas las ciencias naturales y sociales. La literacidad tecnol\u00f3gica es considerada una habilidad importante para la vida que es formalmente introducida y desarrollada desde la pubertad.<\/li>\n<li>El mundo natural y las ciencias se abordan desde un rango de perspectivas observacionales y te\u00f3ricas.<\/li>\n<li>Ya que los j\u00f3venes pasan hacia la etapa de educaci\u00f3n post-16 \u2018terciaria\u2019, las diferencias en etilos de aprendizaje, programa y modo de aprendizaje son aspectos clave del proceso de aprendizaje y la experiencia educativa. Estos aspectos son motivados y enriquecidos por la experiencia extensiva de estudio guiado en materias nucleares, proyectos independientes y trabajo del portafolio, trabajo practico-vocacional y servicio comunitario. A trav\u00e9s de este proceso de aprendizaje y desarrollo, el joven empieza a adquirir y desarrollar capacidades de juicio reflexivo, auto-conciencia, responsabilidad personal y comportamiento \u00e9tico auto-dirigido.<br \/>\n(Para el texto completo de \u201cDeclaraci\u00f3n de principios y aspiraciones\u201d ver la p\u00e1gina del Consulado Europeo para la Educaci\u00f3n Steiner Waldorf: <a href=\"http:\/\/ecswe.net\/\">www.ecswe.net<\/a>)<\/li>\n<\/ul>\n<\/td>\n<\/tr>\n<\/tbody>\n<\/table>\n","protected":false},"excerpt":{"rendered":"<p>Para ayudar a entender el certificado del estudiante como se presenta en la parte central, el recipiente recibir\u00e1 informaci\u00f3n adicional<\/p>\n","protected":false},"author":1,"featured_media":0,"parent":0,"menu_order":0,"comment_status":"closed","ping_status":"closed","template":"","meta":{"footnotes":""},"class_list":["post-540","page","type-page","status-publish","hentry"],"_links":{"self":[{"href":"https:\/\/x5r.da2.myftpupload.com\/index.php?rest_route=\/wp\/v2\/pages\/540","targetHints":{"allow":["GET"]}}],"collection":[{"href":"https:\/\/x5r.da2.myftpupload.com\/index.php?rest_route=\/wp\/v2\/pages"}],"about":[{"href":"https:\/\/x5r.da2.myftpupload.com\/index.php?rest_route=\/wp\/v2\/types\/page"}],"author":[{"embeddable":true,"href":"https:\/\/x5r.da2.myftpupload.com\/index.php?rest_route=\/wp\/v2\/users\/1"}],"replies":[{"embeddable":true,"href":"https:\/\/x5r.da2.myftpupload.com\/index.php?rest_route=%2Fwp%2Fv2%2Fcomments&post=540"}],"version-history":[{"count":2,"href":"https:\/\/x5r.da2.myftpupload.com\/index.php?rest_route=\/wp\/v2\/pages\/540\/revisions"}],"predecessor-version":[{"id":542,"href":"https:\/\/x5r.da2.myftpupload.com\/index.php?rest_route=\/wp\/v2\/pages\/540\/revisions\/542"}],"wp:attachment":[{"href":"https:\/\/x5r.da2.myftpupload.com\/index.php?rest_route=%2Fwp%2Fv2%2Fmedia&parent=540"}],"curies":[{"name":"wp","href":"https:\/\/api.w.org\/{rel}","templated":true}]}}