{"id":266,"date":"2018-02-27T14:08:36","date_gmt":"2018-02-27T14:08:36","guid":{"rendered":"http:\/\/x5r.da2.myftpupload.com\/?page_id=266"},"modified":"2018-02-27T14:08:36","modified_gmt":"2018-02-27T14:08:36","slug":"epc-gruppen-og-epc-partnerskapet","status":"publish","type":"page","link":"https:\/\/x5r.da2.myftpupload.com\/?page_id=266&lang=nb","title":{"rendered":"EPC-gruppen og EPC-partnerskapet"},"content":{"rendered":"<p>EPC gruppen &#8211; The EPC-group &#8211; er i ferd med \u00e5 bli konstituert utifra Comenius EPC-samarbeidet. EPC-gruppen vil fungere som den administrative delen av EPC-samarbeidet, som vil best\u00e5 av alle skoler som har lisens til \u00e5 bruke EPC.<\/p>\n<h2><small>Copyright<\/small><\/h2>\n<p>Det Europeiske R\u00e5d for Steiner Waldorf Utdanning (The European Council for Steiner Waldorf Education \u2013 ECSWE) har opphavsrett til det europeiske mappesertifikatets utforming og design. Ethvert annet EPC mappedesign m\u00e5 bli godkjent av EPC-gruppen<a title=\"\" href=\"http:\/\/epc-group.org\/html\/no\/epc-group.htm#_ftn1\" name=\"_ftnref\"><\/a>som gir fullmakt til bruken av det europeiske mappesertifikatet.<\/p>\n<p>Teksten i disse\u00a0<a href=\"http:\/\/x5r.da2.myftpupload.com\/?page_id=176&amp;lang=nb\">retningslinjene<\/a>\u00a0har EPC gruppen ogs\u00e5 opphavsrett til. EPC gruppen \u00f8nsker \u00e5 oppmuntre til bruk av EPC-mappen i henhold til disse\u00a0<a href=\"http:\/\/x5r.da2.myftpupload.com\/?page_id=176&amp;lang=nb\">retningslinjene<\/a>\u00a0over hele verden og vil med glede anerkjenne skriftlige henvendelser om \u00e5 kopiere dem.<\/p>\n<h2><small>EPC varemerke og lisens<\/small><\/h2>\n<p>EPC gruppen er i ferd med \u00e5 varemerke det \u201dEuropeiske Mappe Sertifikat\u201d. Enhver som \u00f8nsker \u00e5 gi ut EPC mapper m\u00e5 s\u00f8ke om en lisens. En lisens vil bli gitt av EPC- gruppen n\u00e5r:<\/p>\n<ul>\n<li>en skriftlig avtale er signert, som bevitner at utgiveren vil arbeide i samsvar med EPC retningslinjene og, i s\u00e6rdeleshet, de standarder som der inneholdes, og at utgiveren vil sikre dette ved \u00e5 opprette et adekvat internt kvalitetssikringssystem, og at resultatene av dette regelmessig blir formidlet til EPC gruppen.<\/li>\n<li>et lite \u00e5rlig lisensbel\u00f8p blir betalt (for \u00e5 dekke administrative kostnader hos EPC gruppen).<\/li>\n<\/ul>\n<p>Hvis det er tilstrekkelige indikasjoner p\u00e5 at standardene som blir beskrevet i\u00a0<a href=\"http:\/\/x5r.da2.myftpupload.com\/?page_id=176&amp;lang=nb\">retningslinjene<\/a>\u00a0ikke er gode nok, har EPC-gruppen myndighet til \u00e5 stoppe eller til \u00e5 tilbakekalle lisensen. Ingen EPC-mappe kan bli utstedt uten en gyldig lisens.<\/p>\n<p>EPC gruppen tar gjerne imot tilbakemelding n\u00e5r det gjelder bruken av EPC, inkludert forslag til forbedringer av retningslinjene. EPC gruppen forbeholder seg retten til \u00e5 omforme\u00a0<a href=\"http:\/\/x5r.da2.myftpupload.com\/?page_id=176&amp;lang=nb\">retningslinjene<\/a>\u00a0fra tid til annen. De vil kommunisere med alle EPC-utgivere ang\u00e5ende forandringer i retningslinjene.<\/p>\n<p>Retningslinjene blir utstedt p\u00e5 engelsk og m\u00e5 bli oversatt til det nasjonale spr\u00e5ket som gjelder og distribuert til alle l\u00e6rere og mentorer som er forbundet med mappearbeidet f\u00f8r EPC-mappene kan bli utstedt. Den engelske versjonen av\u00a0<a href=\"http:\/\/x5r.da2.myftpupload.com\/?page_id=176&amp;lang=nb\">retningslinjene<\/a>\u00a0er den offisielle (autoritative).<\/p>\n","protected":false},"excerpt":{"rendered":"<p>EPC gruppen &#8211; The EPC-group &#8211; er i ferd med \u00e5 bli konstituert utifra Comenius EPC-samarbeidet. EPC-gruppen vil fungere som<\/p>\n","protected":false},"author":1,"featured_media":0,"parent":0,"menu_order":0,"comment_status":"closed","ping_status":"closed","template":"","meta":{"footnotes":""},"class_list":["post-266","page","type-page","status-publish","hentry"],"_links":{"self":[{"href":"https:\/\/x5r.da2.myftpupload.com\/index.php?rest_route=\/wp\/v2\/pages\/266","targetHints":{"allow":["GET"]}}],"collection":[{"href":"https:\/\/x5r.da2.myftpupload.com\/index.php?rest_route=\/wp\/v2\/pages"}],"about":[{"href":"https:\/\/x5r.da2.myftpupload.com\/index.php?rest_route=\/wp\/v2\/types\/page"}],"author":[{"embeddable":true,"href":"https:\/\/x5r.da2.myftpupload.com\/index.php?rest_route=\/wp\/v2\/users\/1"}],"replies":[{"embeddable":true,"href":"https:\/\/x5r.da2.myftpupload.com\/index.php?rest_route=%2Fwp%2Fv2%2Fcomments&post=266"}],"version-history":[{"count":1,"href":"https:\/\/x5r.da2.myftpupload.com\/index.php?rest_route=\/wp\/v2\/pages\/266\/revisions"}],"predecessor-version":[{"id":267,"href":"https:\/\/x5r.da2.myftpupload.com\/index.php?rest_route=\/wp\/v2\/pages\/266\/revisions\/267"}],"wp:attachment":[{"href":"https:\/\/x5r.da2.myftpupload.com\/index.php?rest_route=%2Fwp%2Fv2%2Fmedia&parent=266"}],"curies":[{"name":"wp","href":"https:\/\/api.w.org\/{rel}","templated":true}]}}