{"id":263,"date":"2018-02-27T14:06:09","date_gmt":"2018-02-27T14:06:09","guid":{"rendered":"http:\/\/x5r.da2.myftpupload.com\/?page_id=263"},"modified":"2018-02-28T15:08:28","modified_gmt":"2018-02-28T15:08:28","slug":"epc-gruppe-og-epc-partnerskabet","status":"publish","type":"page","link":"https:\/\/x5r.da2.myftpupload.com\/?page_id=263&lang=da","title":{"rendered":"EPC-gruppe og EPC-partnerskabet"},"content":{"rendered":"<p>EPC-Gruppen er for indev\u00e6rende ved at konstituere sig ud fra Comenius EPC-Partnerskabet. EPC- gruppen kommer til at fungere som administrativt organ for EPC-Partnerskabet, som best\u00e5r af alle skoler som har licens til at bruge EPC. Yderligere information hos Sammenslutningen af Frie Rudolf Steiner-Skoler i Danmark eller<strong>\u00a0epc@epc-group.org<\/strong><\/p>\n<h2><small>Copyright<\/small><\/h2>\n<p>Copyright for mappe-designet European Portfolio Certificate for the Steiner Waldorf Schools ligger hos European Council for Steiner Waldorf Education (ECSWE). Alle andre EPC-mappe-udgaver skal godkendes af EPC-gruppen, som giver licens til at bruge European Portfolio Certifcate (Europ\u00e6isk Portfolio. Certifikat)<\/p>\n<p>Teksten i disse\u00a0<a href=\"http:\/\/x5r.da2.myftpupload.com\/?page_id=174&amp;lang=da\">guidelines<\/a>\u00a0er underlagt copyright hos EPC-Gruppen. EPC-Gruppen anbefaler brugen af EPC-mappen i henhold til disse\u00a0<a href=\"http:\/\/x5r.da2.myftpupload.com\/?page_id=174&amp;lang=da\">guidelines<\/a>\u00a0i vid udstr\u00e6kning, og ser frem til at godkende skriftlige ans\u00f8gninger om optryk af\u00a0<a href=\"http:\/\/x5r.da2.myftpupload.com\/?page_id=174&amp;lang=da\">Guidelines<\/a>.<\/p>\n<h2><small>Varem\u00e6rke og licens<\/small><\/h2>\n<p>EPC-Gruppen er p.t. i f\u00e6rd med at f\u00e5 indregistreret \u2019European Portfolio Certificate\u2019 som varem\u00e6rke. Den der \u00f8nsker at udstede EPC-mapper, m\u00e5 ans\u00f8ge om licens.<\/p>\n<p>Licens tildeles af EPC-Gruppen<\/p>\n<ul>\n<li>n\u00e5r en skriftlig aftale er underskrevet, i hvilken det certificeres at udstederen af EPC vil arbejde i henhold til EPC-Guidelines, specifikt i henhold til de kriterier der er beskrevet deri, og at udstederen vil sikre dette ved at indf\u00f8re et tilsvarende kvalitets-sikringssystem, hvis resultater j\u00e6vnligt rapporteres til EPC-Gruppen,<\/li>\n<li>n\u00e5r der betales et mindre \u00e5rligt licensgebyr (til d\u00e6kning af EPC-Gruppens administrationsudgifter).<\/li>\n<\/ul>\n<p>Hvis der er tilstr\u00e6kkelige indicier for at de kriterier som beskrives i\u00a0<a href=\"http:\/\/x5r.da2.myftpupload.com\/?page_id=174&amp;lang=da\">Guidelines<\/a>, ikke er overholdt, har EPC-Gruppen myndighed til at suspendere eller tilbagekalde licensen. Der m\u00e5 ikke udstedes EPC-mapper uden gyldig licens.<\/p>\n<p>EPC-gruppen modtager med tak feedback om brugen af EPC, ogs\u00e5 gerne forbedringsforslag til Guidelines. EPC-Gruppen forbeholder sig retten til at justere\u00a0<a href=\"http:\/\/x5r.da2.myftpupload.com\/?page_id=174&amp;lang=da\">Guidelines<\/a>\u00a0l\u00f8bende. Den vil v\u00e6re i kommunikation med alle udstedere af EPC om eventuelle \u00e6ndringer af Guidelines.<\/p>\n<p>Guidelines udgives p\u00e5 engelsk og overs\u00e6ttes til de p\u00e5g\u00e6ldende nationalsprog. De udleveres til alle l\u00e6rere og vejledere som har med portfolie-arbejde at g\u00f8re, forud for at der kan udstedes EPC-mapper. Den engelske version af\u00a0<a href=\"http:\/\/x5r.da2.myftpupload.com\/?page_id=174&amp;lang=da\">Guidelines<\/a>\u00a0er i tvivlstilf\u00e6lde afg\u00f8rende.<\/p>\n","protected":false},"excerpt":{"rendered":"<p>EPC-Gruppen er for indev\u00e6rende ved at konstituere sig ud fra Comenius EPC-Partnerskabet. EPC- gruppen kommer til at fungere som administrativt<\/p>\n","protected":false},"author":1,"featured_media":0,"parent":0,"menu_order":0,"comment_status":"closed","ping_status":"closed","template":"","meta":{"footnotes":""},"class_list":["post-263","page","type-page","status-publish","hentry"],"_links":{"self":[{"href":"https:\/\/x5r.da2.myftpupload.com\/index.php?rest_route=\/wp\/v2\/pages\/263","targetHints":{"allow":["GET"]}}],"collection":[{"href":"https:\/\/x5r.da2.myftpupload.com\/index.php?rest_route=\/wp\/v2\/pages"}],"about":[{"href":"https:\/\/x5r.da2.myftpupload.com\/index.php?rest_route=\/wp\/v2\/types\/page"}],"author":[{"embeddable":true,"href":"https:\/\/x5r.da2.myftpupload.com\/index.php?rest_route=\/wp\/v2\/users\/1"}],"replies":[{"embeddable":true,"href":"https:\/\/x5r.da2.myftpupload.com\/index.php?rest_route=%2Fwp%2Fv2%2Fcomments&post=263"}],"version-history":[{"count":3,"href":"https:\/\/x5r.da2.myftpupload.com\/index.php?rest_route=\/wp\/v2\/pages\/263\/revisions"}],"predecessor-version":[{"id":426,"href":"https:\/\/x5r.da2.myftpupload.com\/index.php?rest_route=\/wp\/v2\/pages\/263\/revisions\/426"}],"wp:attachment":[{"href":"https:\/\/x5r.da2.myftpupload.com\/index.php?rest_route=%2Fwp%2Fv2%2Fmedia&parent=263"}],"curies":[{"name":"wp","href":"https:\/\/api.w.org\/{rel}","templated":true}]}}