{"id":176,"date":"2017-03-01T17:42:20","date_gmt":"2017-03-01T17:42:20","guid":{"rendered":"http:\/\/x5r.da2.myftpupload.com\/?page_id=176"},"modified":"2018-02-28T14:48:04","modified_gmt":"2018-02-28T14:48:04","slug":"retningslinjer","status":"publish","type":"page","link":"https:\/\/x5r.da2.myftpupload.com\/?page_id=176&lang=nb","title":{"rendered":"Retningslinjer"},"content":{"rendered":"<p>EPC foldere kan bare utstedes i samsvar med retningslinjene for EPC, og s\u00e6rlig i henhold til\u00a0<a href=\"http:\/\/x5r.da2.myftpupload.com\/?page_id=284&amp;lang=nb\">forskriftene<\/a>\u00a0for disse, og som er beskrevet i retningslinjene.<\/p>\n<p>Forskriftene finnes\u00a0<a href=\"http:\/\/x5r.da2.myftpupload.com\/?page_id=284&amp;lang=nb\">her<\/a>, men alle l\u00e6rere som arbeider med EPC trenger ogs\u00e5 en trykt versjon av retningslinjene. Dette 50 siders heftet i farger kan f\u00e5s mot \u00e5 betale et bel\u00f8p til dekning av trykke- og fraktkostnader.<\/p>\n<p>V\u00e6r vennlig \u00e5 oppgi postadresse og \u00f8nsket antall kopier. Regning vil bli tilsendt. N\u00e5r denne er betalt, vil retningslinjene bli tilsendt s\u00e5 snart som mulig.<\/p>\n<p>Henvendelse til:<\/p>\n<p>Frode Andersson<br \/>\nSteinerskolen i Vestfold<br \/>\nFurumoveien<br \/>\nN-3142 Vestskogen<br \/>\n+47 905 66 133<br \/>\n<a href=\"mailto:frode.andersson@steinerskolen.no\">frode.andersson@steinerskolen.no<\/a><\/p>\n","protected":false},"excerpt":{"rendered":"<p>EPC foldere kan bare utstedes i samsvar med retningslinjene for EPC, og s\u00e6rlig i henhold til\u00a0forskriftene\u00a0for disse, og som er<\/p>\n","protected":false},"author":1,"featured_media":0,"parent":0,"menu_order":0,"comment_status":"closed","ping_status":"closed","template":"","meta":{"footnotes":""},"class_list":["post-176","page","type-page","status-publish","hentry"],"_links":{"self":[{"href":"https:\/\/x5r.da2.myftpupload.com\/index.php?rest_route=\/wp\/v2\/pages\/176","targetHints":{"allow":["GET"]}}],"collection":[{"href":"https:\/\/x5r.da2.myftpupload.com\/index.php?rest_route=\/wp\/v2\/pages"}],"about":[{"href":"https:\/\/x5r.da2.myftpupload.com\/index.php?rest_route=\/wp\/v2\/types\/page"}],"author":[{"embeddable":true,"href":"https:\/\/x5r.da2.myftpupload.com\/index.php?rest_route=\/wp\/v2\/users\/1"}],"replies":[{"embeddable":true,"href":"https:\/\/x5r.da2.myftpupload.com\/index.php?rest_route=%2Fwp%2Fv2%2Fcomments&post=176"}],"version-history":[{"count":3,"href":"https:\/\/x5r.da2.myftpupload.com\/index.php?rest_route=\/wp\/v2\/pages\/176\/revisions"}],"predecessor-version":[{"id":417,"href":"https:\/\/x5r.da2.myftpupload.com\/index.php?rest_route=\/wp\/v2\/pages\/176\/revisions\/417"}],"wp:attachment":[{"href":"https:\/\/x5r.da2.myftpupload.com\/index.php?rest_route=%2Fwp%2Fv2%2Fmedia&parent=176"}],"curies":[{"name":"wp","href":"https:\/\/api.w.org\/{rel}","templated":true}]}}